{"id":495,"date":"2018-05-24T11:26:11","date_gmt":"2018-05-24T09:26:11","guid":{"rendered":"https:\/\/www.profcon.de\/?page_id=495"},"modified":"2019-02-12T10:59:10","modified_gmt":"2019-02-12T08:59:10","slug":"imprint-2","status":"publish","type":"page","link":"https:\/\/www.profcon.de\/en\/imprint-2\/","title":{"rendered":"Imprint"},"content":{"rendered":"<section class=\"l-section wpb_row height_auto width_full\"><div class=\"l-section-h i-cf\"><div class=\"g-cols vc_row via_flex valign_top type_default stacking_default\"><div class=\"vc_col-sm-12 wpb_column vc_column_container\"><div class=\"vc_column-inner\"><div class=\"wpb_wrapper\">[rev_slider_vc alias=&#8221;startseite&#8221;]<\/div><\/div><\/div><\/div><\/div><\/section><section class=\"l-section wpb_row height_medium\"><div class=\"l-section-h i-cf\"><div class=\"g-cols vc_row via_flex valign_top type_default stacking_default\"><div class=\"vc_col-sm-10 wpb_column vc_column_container\"><div class=\"vc_column-inner\"><div class=\"wpb_wrapper\"><div class=\"wpb_text_column\"><div class=\"wpb_wrapper\"><h1>Site Notice<\/h1>\n<h2>Information provided according to Sec. 5 German Telemedia Act (TMG):<\/h2>\n<p>PROFCON \u2013 Professional Consulting GmbH<br \/>\nDrei-Linden-Stra\u00dfe 58<br \/>\n65812 Bad Soden am Taunus<\/p>\n<h2>Represented by:<\/h2>\n<p>den Gesch\u00e4ftsf\u00fchrer: Dr. J\u00f6rg Schneider<\/p>\n<h2>Contact:<\/h2>\n<p>Telephone: +49 6196 7614756<br \/>\nEmail: info@profcon.de<\/p>\n<h2>Register entry:<\/h2>\n<p>Entry in the Handelsregister.<br \/>\nRegistering court:Amtsgericht K\u00f6nigstein<br \/>\nRegistration number: HRB 9008<\/p>\n<h2>VAT:<\/h2>\n<p>VAT Id number according to Sec. 27 a German Value Added Tax Act:<br \/>\nDE259124981<\/p>\n<h2>Responsible for contents acc. to Sec. 55, para. 2 German Federal Broadcasting Agreement (RstV):<\/h2>\n<p>Dr. J\u00f6rg Schneider<br \/>\nDrei-Linden-Stra\u00dfe 58<br \/>\n65812 Bad Soden<\/p>\n<h2>Dispute resolution<\/h2>\n<p>We do not take part in online dispute resolutions at consumer arbitration boards.<\/p>\n<h3>Liability for Contents<\/h3>\n<p>As service providers, we are liable for own contents of these websites according to Sec. 7, paragraph 1 German Telemedia Act (TMG). However, according to Sec. 8 to 10 German Telemedia Act (TMG), service providers are not obligated to permanently monitor submitted or stored information or to search for evidences that indicate illegal activities.<\/p>\n<p>Legal obligations to removing information or to blocking the use of information remain unchallenged. In this case, liability is only possible at the time of knowledge about a specific violation of law. Illegal contents will be removed immediately at the time we get knowledge of them.<\/p>\n<h3>Liability for Links<\/h3>\n<p>Our offer includes links to external third party websites. We have no influence on the contents of those websites, therefore we cannot guarantee for those contents. Providers or administrators of linked websites are always responsible for their own contents.<\/p>\n<p>The linked websites had been checked for possible violations of law at the time of the establishment of the link. Illegal contents were not detected at the time of the linking. A permanent monitoring of the contents of linked websites cannot be imposed without reasonable indications that there has been a violation of law. Illegal links will be removed immediately at the time we get knowledge of them.<\/p>\n<h3>Copyright<\/h3>\n<p>Contents and compilations published on these websites by the providers are subject to German copyright laws. Reproduction, editing, distribution as well as the use of any kind outside the scope of the copyright law require a written permission of the author or originator. Downloads and copies of these websites are permitted for private use only.<br \/>\nThe commercial use of our contents without permission of the originator is prohibited.<\/p>\n<p>Copyright laws of third parties are respected as long as the contents on these websites do not originate from the provider. Contributions of third parties on this site are indicated as such. However, if you notice any violations of copyright law, please inform us. Such contents will be removed immediately.<\/p>\n<\/div><\/div><\/div><\/div><\/div><div class=\"vc_col-sm-2 wpb_column vc_column_container\"><div class=\"vc_column-inner\"><div class=\"wpb_wrapper\"><div class=\"w-image align_none\"><div class=\"w-image-h\"><img decoding=\"async\" width=\"120\" height=\"156\" src=\"https:\/\/www.profcon.de\/wp-content\/uploads\/2018\/05\/erecht24-siegel-impressum-blau.png\" class=\"attachment-large size-large\" alt=\"\" loading=\"lazy\" \/><\/div><\/div><div class=\"w-separator size_medium\"><\/div><div class=\"w-image align_none\"><div class=\"w-image-h\"><img decoding=\"async\" width=\"120\" height=\"156\" src=\"https:\/\/www.profcon.de\/wp-content\/uploads\/2018\/05\/erecht24-siegel-disclaimer-blau.png\" class=\"attachment-large size-large\" alt=\"\" loading=\"lazy\" \/><\/div><\/div><\/div><\/div><\/div><\/div><\/div><\/section>\n","protected":false},"excerpt":{"rendered":"[rev_slider_vc alias=\"startseite\"]Site Notice Information provided according to Sec. 5 German Telemedia Act (TMG): PROFCON \u2013 Professional Consulting GmbH Drei-Linden-Stra\u00dfe 58 65812 Bad Soden am Taunus Represented by: den Gesch\u00e4ftsf\u00fchrer: Dr. J\u00f6rg Schneider Contact: Telephone: +49 6196 7614756 Email: info@profcon.de Register entry: Entry in the Handelsregister. Registering court:Amtsgericht K\u00f6nigstein Registration number: HRB 9008 VAT: VAT Id...","protected":false},"author":1,"featured_media":0,"parent":0,"menu_order":0,"comment_status":"closed","ping_status":"closed","template":"","meta":{"footnotes":""},"yoast_head":"<!-- This site is optimized with the Yoast SEO plugin v22.6 - https:\/\/yoast.com\/wordpress\/plugins\/seo\/ -->\n<title>Imprint - PROFCON - Professional Consulting GmbH<\/title>\n<meta name=\"robots\" content=\"index, follow, max-snippet:-1, max-image-preview:large, max-video-preview:-1\" \/>\n<link rel=\"canonical\" href=\"https:\/\/www.profcon.de\/en\/imprint-2\/\" \/>\n<meta property=\"og:locale\" content=\"en_US\" \/>\n<meta property=\"og:type\" content=\"article\" \/>\n<meta property=\"og:title\" content=\"Imprint - PROFCON - Professional Consulting GmbH\" \/>\n<meta property=\"og:url\" content=\"https:\/\/www.profcon.de\/en\/imprint-2\/\" \/>\n<meta property=\"og:site_name\" content=\"PROFCON - Professional Consulting GmbH\" \/>\n<meta property=\"article:modified_time\" content=\"2019-02-12T08:59:10+00:00\" \/>\n<meta name=\"twitter:card\" content=\"summary_large_image\" \/>\n<meta name=\"twitter:label1\" content=\"Est. reading time\" \/>\n\t<meta name=\"twitter:data1\" content=\"2 minutes\" \/>\n<script type=\"application\/ld+json\" class=\"yoast-schema-graph\">{\"@context\":\"https:\/\/schema.org\",\"@graph\":[{\"@type\":\"WebPage\",\"@id\":\"https:\/\/www.profcon.de\/en\/imprint-2\/\",\"url\":\"https:\/\/www.profcon.de\/en\/imprint-2\/\",\"name\":\"Imprint - PROFCON - Professional Consulting GmbH\",\"isPartOf\":{\"@id\":\"https:\/\/www.profcon.de\/#website\"},\"datePublished\":\"2018-05-24T09:26:11+00:00\",\"dateModified\":\"2019-02-12T08:59:10+00:00\",\"breadcrumb\":{\"@id\":\"https:\/\/www.profcon.de\/en\/imprint-2\/#breadcrumb\"},\"inLanguage\":\"en-US\",\"potentialAction\":[{\"@type\":\"ReadAction\",\"target\":[\"https:\/\/www.profcon.de\/en\/imprint-2\/\"]}]},{\"@type\":\"BreadcrumbList\",\"@id\":\"https:\/\/www.profcon.de\/en\/imprint-2\/#breadcrumb\",\"itemListElement\":[{\"@type\":\"ListItem\",\"position\":1,\"name\":\"Startseite\",\"item\":\"https:\/\/www.profcon.de\/en\/\"},{\"@type\":\"ListItem\",\"position\":2,\"name\":\"Imprint\"}]},{\"@type\":\"WebSite\",\"@id\":\"https:\/\/www.profcon.de\/#website\",\"url\":\"https:\/\/www.profcon.de\/\",\"name\":\"PROFCON - Professional Consulting GmbH\",\"description\":\"Eine weitere WordPress-Seite\",\"potentialAction\":[{\"@type\":\"SearchAction\",\"target\":{\"@type\":\"EntryPoint\",\"urlTemplate\":\"https:\/\/www.profcon.de\/?s={search_term_string}\"},\"query-input\":\"required name=search_term_string\"}],\"inLanguage\":\"en-US\"}]}<\/script>\n<!-- \/ Yoast SEO plugin. -->","yoast_head_json":{"title":"Imprint - PROFCON - Professional Consulting GmbH","robots":{"index":"index","follow":"follow","max-snippet":"max-snippet:-1","max-image-preview":"max-image-preview:large","max-video-preview":"max-video-preview:-1"},"canonical":"https:\/\/www.profcon.de\/en\/imprint-2\/","og_locale":"en_US","og_type":"article","og_title":"Imprint - PROFCON - Professional Consulting GmbH","og_url":"https:\/\/www.profcon.de\/en\/imprint-2\/","og_site_name":"PROFCON - Professional Consulting GmbH","article_modified_time":"2019-02-12T08:59:10+00:00","twitter_card":"summary_large_image","twitter_misc":{"Est. reading time":"2 minutes"},"schema":{"@context":"https:\/\/schema.org","@graph":[{"@type":"WebPage","@id":"https:\/\/www.profcon.de\/en\/imprint-2\/","url":"https:\/\/www.profcon.de\/en\/imprint-2\/","name":"Imprint - PROFCON - Professional Consulting GmbH","isPartOf":{"@id":"https:\/\/www.profcon.de\/#website"},"datePublished":"2018-05-24T09:26:11+00:00","dateModified":"2019-02-12T08:59:10+00:00","breadcrumb":{"@id":"https:\/\/www.profcon.de\/en\/imprint-2\/#breadcrumb"},"inLanguage":"en-US","potentialAction":[{"@type":"ReadAction","target":["https:\/\/www.profcon.de\/en\/imprint-2\/"]}]},{"@type":"BreadcrumbList","@id":"https:\/\/www.profcon.de\/en\/imprint-2\/#breadcrumb","itemListElement":[{"@type":"ListItem","position":1,"name":"Startseite","item":"https:\/\/www.profcon.de\/en\/"},{"@type":"ListItem","position":2,"name":"Imprint"}]},{"@type":"WebSite","@id":"https:\/\/www.profcon.de\/#website","url":"https:\/\/www.profcon.de\/","name":"PROFCON - Professional Consulting GmbH","description":"Eine weitere WordPress-Seite","potentialAction":[{"@type":"SearchAction","target":{"@type":"EntryPoint","urlTemplate":"https:\/\/www.profcon.de\/?s={search_term_string}"},"query-input":"required name=search_term_string"}],"inLanguage":"en-US"}]}},"_links":{"self":[{"href":"https:\/\/www.profcon.de\/en\/wp-json\/wp\/v2\/pages\/495"}],"collection":[{"href":"https:\/\/www.profcon.de\/en\/wp-json\/wp\/v2\/pages"}],"about":[{"href":"https:\/\/www.profcon.de\/en\/wp-json\/wp\/v2\/types\/page"}],"author":[{"embeddable":true,"href":"https:\/\/www.profcon.de\/en\/wp-json\/wp\/v2\/users\/1"}],"replies":[{"embeddable":true,"href":"https:\/\/www.profcon.de\/en\/wp-json\/wp\/v2\/comments?post=495"}],"version-history":[{"count":3,"href":"https:\/\/www.profcon.de\/en\/wp-json\/wp\/v2\/pages\/495\/revisions"}],"predecessor-version":[{"id":517,"href":"https:\/\/www.profcon.de\/en\/wp-json\/wp\/v2\/pages\/495\/revisions\/517"}],"wp:attachment":[{"href":"https:\/\/www.profcon.de\/en\/wp-json\/wp\/v2\/media?parent=495"}],"curies":[{"name":"wp","href":"https:\/\/api.w.org\/{rel}","templated":true}]}}